{"id":4879,"date":"2021-04-19T20:47:18","date_gmt":"2021-04-19T19:47:18","guid":{"rendered":"https:\/\/thefintechmag.com\/sobre-the-fintech-mag\/"},"modified":"2021-04-19T20:47:18","modified_gmt":"2021-04-19T19:47:18","slug":"sobre-the-fintech-mag","status":"publish","type":"page","link":"https:\/\/thefintechmag.com\/pt-br\/sobre-the-fintech-mag\/","title":{"rendered":"Sobre The Fintech Mag"},"content":{"rendered":"<p>Uma vez olhei para as sedes de grandes bancos e seus arranha-c\u00e9us e pensei: &#8220;espere &#8230; o que esses caras produzem?&#8221;<\/p>\n<p>Eles plantam, colhem e vendem? N\u00e3o.<\/p>\n<p>Eles alimentam animais, abatem e vendem? N\u00e3o (ok, \u00e0s vezes eles fazem).<\/p>\n<p>Eles extraem, fabricam e vendem? N\u00e3o.<\/p>\n<p>Ei! Eles apenas investem e emprestam dinheiro!<\/p>\n<p>Espere &#8230; eu tamb\u00e9m tenho dinheiro, igual a eles, por que n\u00e3o emprestar tamb\u00e9m?<\/p>\n<p>Ent\u00e3o a jornada come\u00e7ou &#8230;<\/p>\n<p>Para cada centavo no meu bolso, penso em como isso pode funcionar para mim. Como posso investir com sabedoria? Como posso financiar pessoas, empresas ou mesmo ideias para fazer um mundo melhor?<\/p>\n<p>Bem, no s\u00e9culo XXI definitivamente podemos! Temos produtos, servi\u00e7os e plataformas financeiras para isso!<\/p>\n<p>Ent\u00e3o, depois de testar, explorar e usar muitos servi\u00e7os (especialmente <a href=\"https:\/\/thefintechmag.com\/category\/fintechs\/\" data-internallinksmanager029f6b8e52c=\"29\" title=\"Fintechs\" target=\"_blank\" rel=\"noopener\">fintechs<\/a>) em toda a web, decidi compartilhar meus coment\u00e1rios com voc\u00eas. Posso garantir que seu dinheiro funcionar\u00e1 melhor para voc\u00ea!<\/p>\n<p>D\u00ea uma olhada, n\u00f3s temos<a href=\"\/?cat_ID=277\"> coment\u00e1rios fant\u00e1sticos aqui<\/a> !<\/p>\n<p>&nbsp;<\/p>\n<p>The <a href=\"https:\/\/thefintechmag.com\/category\/fintechs\/\" data-internallinksmanager029f6b8e52c=\"29\" title=\"Fintechs\" target=\"_blank\" rel=\"noopener\">Fintech<\/a> Mag<\/p>\n","protected":false},"excerpt":{"rendered":"<p>Uma vez olhei para as sedes de grandes bancos e seus arranha-c\u00e9us e pensei: &#8220;espere &#8230; o que esses caras produzem?&#8221; Eles plantam, colhem e vendem? N\u00e3o. Eles alimentam animais, abatem e vendem? N\u00e3o (ok, \u00e0s vezes eles fazem). Eles extraem, fabricam e vendem? N\u00e3o. Ei! Eles apenas investem e<a class=\"read-more\" href=\"https:\/\/thefintechmag.com\/pt-br\/sobre-the-fintech-mag\/\">[Read More&#8230;]<\/a><\/p>\n","protected":false},"author":1,"featured_media":0,"parent":0,"menu_order":0,"comment_status":"closed","ping_status":"closed","template":"","meta":{"footnotes":""},"class_list":["post-4879","page","type-page","status-publish","hentry"],"_links":{"self":[{"href":"https:\/\/thefintechmag.com\/pt-br\/wp-json\/wp\/v2\/pages\/4879","targetHints":{"allow":["GET"]}}],"collection":[{"href":"https:\/\/thefintechmag.com\/pt-br\/wp-json\/wp\/v2\/pages"}],"about":[{"href":"https:\/\/thefintechmag.com\/pt-br\/wp-json\/wp\/v2\/types\/page"}],"author":[{"embeddable":true,"href":"https:\/\/thefintechmag.com\/pt-br\/wp-json\/wp\/v2\/users\/1"}],"replies":[{"embeddable":true,"href":"https:\/\/thefintechmag.com\/pt-br\/wp-json\/wp\/v2\/comments?post=4879"}],"version-history":[{"count":0,"href":"https:\/\/thefintechmag.com\/pt-br\/wp-json\/wp\/v2\/pages\/4879\/revisions"}],"wp:attachment":[{"href":"https:\/\/thefintechmag.com\/pt-br\/wp-json\/wp\/v2\/media?parent=4879"}],"curies":[{"name":"wp","href":"https:\/\/api.w.org\/{rel}","templated":true}]}}