{"id":4874,"date":"2021-04-19T20:45:08","date_gmt":"2021-04-19T19:45:08","guid":{"rendered":"https:\/\/thefintechmag.com\/a-propos-de-the-fintech-mag\/"},"modified":"2021-04-19T20:45:08","modified_gmt":"2021-04-19T19:45:08","slug":"a-propos-de-the-fintech-mag","status":"publish","type":"page","link":"https:\/\/thefintechmag.com\/fr\/a-propos-de-the-fintech-mag\/","title":{"rendered":"\u00c0 propos de The Fintech Mag"},"content":{"rendered":"<p>Une fois, j&#8217;ai regard\u00e9 le si\u00e8ge des grandes banques et leurs gratte-ciel et j&#8217;ai pens\u00e9: \u00abAttendez\u2026 qu&#8217;est-ce que ces types produisent?\u00bb<\/p>\n<p>Plantent-ils, r\u00e9coltent-ils et vendent-ils? Non.<\/p>\n<p>Nourrissent-ils les animaux, abattent-ils et vendent-ils? Non (ok, parfois ils le font).<\/p>\n<p>Est-ce qu&#8217;ils extraient, fabriquent et vendent? Non.<\/p>\n<p>Hey! Ils investissent et pr\u00eatent de l&#8217;argent!<\/p>\n<p>Attendez\u2026 J&#8217;ai aussi de l&#8217;argent, le m\u00eame qu&#8217;eux, pourquoi ne pas le pr\u00eater aussi?<\/p>\n<p>Puis le voyage a commenc\u00e9\u2026<\/p>\n<p>Pour chaque centime dans ma poche, je pense \u00e0 la fa\u00e7on dont cela peut fonctionner pour moi. Comment puis-je l&#8217;investir judicieusement? Comment puis-je financer des personnes, des entreprises ou m\u00eame des id\u00e9es pour cr\u00e9er un monde meilleur?<\/p>\n<p>Eh bien, au XXIe si\u00e8cle, nous le pouvons certainement! Nous avons des produits, services et plateformes financiers pour cela!<\/p>\n<p>Donc, apr\u00e8s avoir test\u00e9, explor\u00e9 et utilis\u00e9 de nombreux services (en particulier les <a href=\"https:\/\/thefintechmag.com\/category\/fintechs\/\" data-internallinksmanager029f6b8e52c=\"29\" title=\"Fintechs\" target=\"_blank\" rel=\"noopener\">fintechs<\/a>) sur le Web, j&#8217;ai d\u00e9cid\u00e9 de partager mes critiques avec vous. Je peux garantir que votre argent fonctionnera le mieux pour vous!<\/p>\n<p>Jetez un oeil, nous avons<a href=\"\/?cat_ID=274\"> super critiques ici<\/a> !<\/p>\n<p>&nbsp;<\/p>\n<p>Le <a href=\"https:\/\/thefintechmag.com\/category\/fintechs\/\" data-internallinksmanager029f6b8e52c=\"29\" title=\"Fintechs\" target=\"_blank\" rel=\"noopener\">Fintech<\/a> Mag<\/p>\n","protected":false},"excerpt":{"rendered":"<p>Une fois, j&#8217;ai regard\u00e9 le si\u00e8ge des grandes banques et leurs gratte-ciel et j&#8217;ai pens\u00e9: \u00abAttendez\u2026 qu&#8217;est-ce que ces types produisent?\u00bb Plantent-ils, r\u00e9coltent-ils et vendent-ils? Non. Nourrissent-ils les animaux, abattent-ils et vendent-ils? Non (ok, parfois ils le font). Est-ce qu&#8217;ils extraient, fabriquent et vendent? Non. Hey! Ils investissent et pr\u00eatent<a class=\"read-more\" href=\"https:\/\/thefintechmag.com\/fr\/a-propos-de-the-fintech-mag\/\">[Read More&#8230;]<\/a><\/p>\n","protected":false},"author":1,"featured_media":0,"parent":0,"menu_order":0,"comment_status":"closed","ping_status":"closed","template":"","meta":{"nf_dc_page":"","footnotes":""},"class_list":["post-4874","page","type-page","status-publish","hentry"],"_links":{"self":[{"href":"https:\/\/thefintechmag.com\/fr\/wp-json\/wp\/v2\/pages\/4874","targetHints":{"allow":["GET"]}}],"collection":[{"href":"https:\/\/thefintechmag.com\/fr\/wp-json\/wp\/v2\/pages"}],"about":[{"href":"https:\/\/thefintechmag.com\/fr\/wp-json\/wp\/v2\/types\/page"}],"author":[{"embeddable":true,"href":"https:\/\/thefintechmag.com\/fr\/wp-json\/wp\/v2\/users\/1"}],"replies":[{"embeddable":true,"href":"https:\/\/thefintechmag.com\/fr\/wp-json\/wp\/v2\/comments?post=4874"}],"version-history":[{"count":0,"href":"https:\/\/thefintechmag.com\/fr\/wp-json\/wp\/v2\/pages\/4874\/revisions"}],"wp:attachment":[{"href":"https:\/\/thefintechmag.com\/fr\/wp-json\/wp\/v2\/media?parent=4874"}],"curies":[{"name":"wp","href":"https:\/\/api.w.org\/{rel}","templated":true}]}}